{"id":27,"date":"2026-01-26T15:51:23","date_gmt":"2026-01-26T15:51:23","guid":{"rendered":"https:\/\/kimayatcm.se\/about\/"},"modified":"2026-04-13T08:12:12","modified_gmt":"2026-04-13T08:12:12","slug":"about","status":"publish","type":"page","link":"https:\/\/kimayatcm.se\/sv\/about\/","title":{"rendered":"Kimaya TCM Therapy"},"content":{"rendered":"<div class=\"wp-block-group alignfull is-style-ext-preset--group--natural-1--section has-background-background-color has-background has-global-padding is-layout-constrained wp-container-core-group-is-layout-2857b35c wp-block-group-is-layout-constrained\" id=\"about\" style=\"margin-top:0;margin-bottom:0;padding-top:var(--wp--preset--spacing--40);padding-bottom:var(--wp--preset--spacing--40)\">\n<div class=\"wp-block-columns alignwide is-layout-flex wp-container-core-columns-is-layout-c86cc007 wp-block-columns-is-layout-flex\" style=\"margin-bottom:var(--wp--preset--spacing--50);padding-top:var(--wp--preset--spacing--20);padding-right:var(--wp--preset--spacing--40);padding-bottom:var(--wp--preset--spacing--20);padding-left:var(--wp--preset--spacing--40)\">\n<div class=\"wp-block-column is-vertically-aligned-center is-layout-flow wp-block-column-is-layout-flow\" style=\"flex-basis:70%\">\n<div class=\"wp-block-group alignwide is-vertical is-layout-flex wp-container-core-group-is-layout-38bf6228 wp-block-group-is-layout-flex\" style=\"margin-top:0;margin-bottom:0;padding-top:0;padding-bottom:0\">\n<p><strong>I am Ting Wikstr\u00f6m.<\/strong><\/p>\n\n\n\n<p>My work is grounded in Traditional Chinese Medicine (TCM), with a focus on acupuncture and herbal medicine. I also offer optional emotional work for those who wish to explore the deeper connection between body and mind.<\/p>\n\n\n\n<p>Through years of clinical practice, I have learned to read the body\u2014its patterns, signals, and how it holds imbalance. At the same time, over seven years of personal inner work, I have developed a capacity to stay present with complexity\u2014without needing to fix, rush, or judge. This quality shapes every session I offer.<\/p>\n\n\n\n<p>I\u2019ve observed that physical symptoms and emotional experiences are deeply interconnected. What may begin as unaddressed emotions can manifest as physical imbalance, which then influences emotional well-being, creating a cycle of stress, tension, and discomfort. My sessions work both from the outside in and the inside out: addressing the body through TCM, while gently guiding awareness of patterns and emotions, if and when the client is ready.<\/p>\n<\/div>\n<\/div>\n\n\n\n<div class=\"wp-block-column is-layout-flow wp-block-column-is-layout-flow\" style=\"flex-basis:50%\">\n<figure class=\"wp-block-image alignright size-full is-resized\"><img loading=\"lazy\" decoding=\"async\" width=\"427\" height=\"640\" src=\"https:\/\/kimayatcm.se\/wp-content\/uploads\/2026\/01\/IMG_9759.jpeg\" alt=\"\" class=\"wp-image-109\" style=\"aspect-ratio:0.667190340462778;width:352px;height:auto\" srcset=\"https:\/\/kimayatcm.se\/wp-content\/uploads\/2026\/01\/IMG_9759.jpeg 427w, https:\/\/kimayatcm.se\/wp-content\/uploads\/2026\/01\/IMG_9759-200x300.jpeg 200w, https:\/\/kimayatcm.se\/wp-content\/uploads\/2026\/01\/IMG_9759-8x12.jpeg 8w\" sizes=\"auto, (max-width: 427px) 100vw, 427px\" \/><\/figure>\n<\/div>\n<\/div>\n\n\n\n<div class=\"wp-block-group alignfull is-style-ext-preset--group--natural-1--section has-tertiary-background-color has-background has-global-padding is-layout-constrained wp-container-core-group-is-layout-e955bbaf wp-block-group-is-layout-constrained\" style=\"margin-top:0;margin-bottom:0;padding-top:var(--wp--preset--spacing--70);padding-bottom:var(--wp--preset--spacing--70)\">\n<div class=\"wp-block-group alignwide is-vertical is-content-justification-center is-layout-flex wp-container-core-group-is-layout-c9ee0c5a wp-block-group-is-layout-flex\">\n<div class=\"wp-block-group has-global-padding is-layout-constrained wp-container-core-group-is-layout-5e05634a wp-block-group-is-layout-constrained\">\n<h3 class=\"wp-block-heading has-text-align-center\">Min utbildning och bakgrund<\/h3>\n\n\n\n<p class=\"has-text-align-left\"><strong><strong>Traditionell Kinesisk Medicin (TCM)<\/strong><\/strong><br>Jag \u00e4r en certifierad akupunkt\u00f6r med utbildning i TCM-diagnos, akupunktur och \u00f6rtmedicin.<br><br>Akupunkturutbildningen formades av omfattande studier under erfarna ut\u00f6vare \u2013 framf\u00f6r allt Dr. Zhong i Kina, grundare av Lingyun TCM. Denna tradition har djupt p\u00e5verkat hur jag diagnostiserar, behandlar och f\u00f6rst\u00e5r kroppen i min praktik.<br><br>Utbildningen i \u00f6rtmedicin \u00e4r grundad i Yins moderna tungdiagnostik, inl\u00e4rd genom formella studier med Dr. Yin, en h\u00f6gt respekterad kinesisk medicinut\u00f6vare baserad i Storbritannien, v\u00e4lk\u00e4nd inom det lokala kinesiska medicinsamh\u00e4llet. Denna diagnostiska metod m\u00f6jligg\u00f6r exakt insikt i interna m\u00f6nster och v\u00e4gleder formuleringen av individuella \u00f6rtrecept.<br><br><strong>Terapeutbildning<\/strong><br>Min v\u00e4g in i emotionellt arbete b\u00f6rjade 2018 med min egen djupa personliga utvecklingsresa. Under de senaste 7 \u00e5ren har jag utforskat l\u00e4kningens landskap inifr\u00e5n och ut.<br><br>From 2022 to 2025, I trained at the International Institute for 3 years Therapy &amp; Education, completing Therapist Training Levels 1 through 3. This was an experiential training that goes beyond language and theory, rooted in group work and relational dynamics, where awareness and healing emerge through embodied practice and shared experience.<br><br><strong>Ett integrerat tillv\u00e4gag\u00e5ngss\u00e4tt<\/strong><br>Tillsammans har dessa erfarenheter format det skonsamma, integrerande tillv\u00e4gag\u00e5ngss\u00e4tt jag anv\u00e4nder i mitt arbete. Jag kombinerar TCM-diagnostik med k\u00e4nslighet f\u00f6r kroppens k\u00e4nslom\u00e4ssiga spr\u00e5k och erbjuder v\u00e5rd med medk\u00e4nsla, respekt och uppm\u00e4rksamhet p\u00e5 dina unika behov.<\/p>\n\n\n\n<p class=\"has-text-align-left\">Jag har giltig f\u00f6rs\u00e4kring.<br><\/p>\n<\/div>\n<\/div>\n<\/div>\n<\/div>","protected":false},"excerpt":{"rendered":"<p>I am Ting Wikstr\u00f6m. My work is grounded in Traditional Chinese Medicine (TCM), with a focus on acupuncture and herbal medicine. I also offer optional emotional work for those who wish to explore the deeper connection between body and mind. Through years of clinical practice, I have learned to read the body\u2014its patterns, signals, and [&hellip;]<\/p>","protected":false},"author":1,"featured_media":0,"parent":0,"menu_order":0,"comment_status":"closed","ping_status":"closed","template":"page-with-title","meta":{"_monsterinsights_skip_tracking":false,"_monsterinsights_sitenote_active":false,"_monsterinsights_sitenote_note":"","_monsterinsights_sitenote_category":0,"footnotes":""},"class_list":["post-27","page","type-page","status-publish","hentry"],"aioseo_notices":[],"_links":{"self":[{"href":"https:\/\/kimayatcm.se\/sv\/wp-json\/wp\/v2\/pages\/27","targetHints":{"allow":["GET"]}}],"collection":[{"href":"https:\/\/kimayatcm.se\/sv\/wp-json\/wp\/v2\/pages"}],"about":[{"href":"https:\/\/kimayatcm.se\/sv\/wp-json\/wp\/v2\/types\/page"}],"author":[{"embeddable":true,"href":"https:\/\/kimayatcm.se\/sv\/wp-json\/wp\/v2\/users\/1"}],"replies":[{"embeddable":true,"href":"https:\/\/kimayatcm.se\/sv\/wp-json\/wp\/v2\/comments?post=27"}],"version-history":[{"count":38,"href":"https:\/\/kimayatcm.se\/sv\/wp-json\/wp\/v2\/pages\/27\/revisions"}],"predecessor-version":[{"id":471,"href":"https:\/\/kimayatcm.se\/sv\/wp-json\/wp\/v2\/pages\/27\/revisions\/471"}],"wp:attachment":[{"href":"https:\/\/kimayatcm.se\/sv\/wp-json\/wp\/v2\/media?parent=27"}],"curies":[{"name":"wp","href":"https:\/\/api.w.org\/{rel}","templated":true}]}}