{"id":26,"date":"2026-01-26T15:51:22","date_gmt":"2026-01-26T15:51:22","guid":{"rendered":"https:\/\/kimayatcm.se\/services\/"},"modified":"2026-04-18T12:29:46","modified_gmt":"2026-04-18T12:29:46","slug":"services","status":"publish","type":"page","link":"https:\/\/kimayatcm.se\/sv\/services\/","title":{"rendered":"Kimaya TCM Therapy"},"content":{"rendered":"<div class=\"wp-block-group alignfull is-style-ext-preset--group--natural-1--section has-tertiary-background-color has-background has-global-padding is-layout-constrained wp-container-core-group-is-layout-e955bbaf wp-block-group-is-layout-constrained\" id=\"events\" style=\"margin-top:0;margin-bottom:0;padding-top:var(--wp--preset--spacing--70);padding-bottom:var(--wp--preset--spacing--70)\">\n<div class=\"wp-block-columns alignwide is-layout-flex wp-container-core-columns-is-layout-08c01c1c wp-block-columns-is-layout-flex\">\n<div class=\"wp-block-column is-layout-flow wp-block-column-is-layout-flow\">\n<div class=\"wp-block-group is-style-ext-preset--group--natural-1--footer-1 has-global-padding is-layout-constrained wp-block-group-is-layout-constrained\">\n<figure class=\"wp-block-image size-large has-custom-border is-style-ext-preset--image--natural-1--image-1--content-bottom is-style-ext-preset--image--natural-1--image-1--content-bottom--3\"><img loading=\"lazy\" decoding=\"async\" width=\"1024\" height=\"683\" src=\"https:\/\/kimayatcm.se\/wp-content\/uploads\/2026\/02\/MG_5143-1024x683.jpg\" alt=\"\" class=\"wp-image-268\" style=\"border-top-left-radius:0px;border-top-right-radius:40px;border-bottom-left-radius:0px;aspect-ratio:4\/3;object-fit:cover\" srcset=\"https:\/\/kimayatcm.se\/wp-content\/uploads\/2026\/02\/MG_5143-1024x683.jpg 1024w, https:\/\/kimayatcm.se\/wp-content\/uploads\/2026\/02\/MG_5143-300x200.jpg 300w, https:\/\/kimayatcm.se\/wp-content\/uploads\/2026\/02\/MG_5143-768x512.jpg 768w, https:\/\/kimayatcm.se\/wp-content\/uploads\/2026\/02\/MG_5143-1536x1024.jpg 1536w, https:\/\/kimayatcm.se\/wp-content\/uploads\/2026\/02\/MG_5143-2048x1365.jpg 2048w, https:\/\/kimayatcm.se\/wp-content\/uploads\/2026\/02\/MG_5143-18x12.jpg 18w\" sizes=\"auto, (max-width: 1024px) 100vw, 1024px\" \/><\/figure>\n\n\n\n<div class=\"wp-block-group is-style-default has-global-padding is-layout-constrained wp-block-group-is-layout-constrained\">\n<h3 class=\"wp-block-heading has-text-align-center\"><a href=\"#acupuncture\" title=\"\">Akupunktur<\/a><\/h3>\n\n\n\n<p class=\"has-text-align-center\">Harmonisera din kropps energifl\u00f6de och fr\u00e4mja h\u00e4lsan.<\/p>\n<\/div>\n<\/div>\n<\/div>\n\n\n\n<div class=\"wp-block-column is-layout-flow wp-block-column-is-layout-flow\">\n<div class=\"wp-block-group is-style-ext-preset--group--natural-1--footer-1 has-global-padding is-layout-constrained wp-block-group-is-layout-constrained\">\n<figure class=\"wp-block-image size-large has-custom-border\"><img loading=\"lazy\" decoding=\"async\" width=\"1024\" height=\"768\" src=\"https:\/\/kimayatcm.se\/wp-content\/uploads\/2026\/02\/IMG_0099-1024x768.jpg\" alt=\"\" class=\"wp-image-266\" style=\"border-top-right-radius:40px;aspect-ratio:4\/3;object-fit:cover\" srcset=\"https:\/\/kimayatcm.se\/wp-content\/uploads\/2026\/02\/IMG_0099-1024x768.jpg 1024w, https:\/\/kimayatcm.se\/wp-content\/uploads\/2026\/02\/IMG_0099-300x225.jpg 300w, https:\/\/kimayatcm.se\/wp-content\/uploads\/2026\/02\/IMG_0099-768x576.jpg 768w, https:\/\/kimayatcm.se\/wp-content\/uploads\/2026\/02\/IMG_0099-1536x1152.jpg 1536w, https:\/\/kimayatcm.se\/wp-content\/uploads\/2026\/02\/IMG_0099-2048x1536.jpg 2048w, https:\/\/kimayatcm.se\/wp-content\/uploads\/2026\/02\/IMG_0099-16x12.jpg 16w\" sizes=\"auto, (max-width: 1024px) 100vw, 1024px\" \/><\/figure>\n\n\n\n<div class=\"wp-block-group is-style-default has-global-padding is-layout-constrained wp-block-group-is-layout-constrained\">\n<h3 class=\"wp-block-heading has-text-align-center\"><a href=\"#herbal\" title=\"\">\u00d6rtmedicin<\/a><\/h3>\n\n\n\n<p class=\"has-text-align-center\">\u00d6rtmedicin anpassad till varje person f\u00f6r optimal vitalitet.<\/p>\n<\/div>\n<\/div>\n<\/div>\n\n\n\n<div class=\"wp-block-column is-layout-flow wp-block-column-is-layout-flow\">\n<div class=\"wp-block-group is-style-ext-preset--group--natural-1--footer-1 has-global-padding is-layout-constrained wp-block-group-is-layout-constrained\">\n<figure class=\"wp-block-image size-large has-custom-border\"><img loading=\"lazy\" decoding=\"async\" width=\"1024\" height=\"768\" src=\"https:\/\/kimayatcm.se\/wp-content\/uploads\/2026\/02\/IMG_0121-1024x768.jpg\" alt=\"\" class=\"wp-image-264\" style=\"border-top-right-radius:40px;aspect-ratio:4\/3;object-fit:cover\" srcset=\"https:\/\/kimayatcm.se\/wp-content\/uploads\/2026\/02\/IMG_0121-1024x768.jpg 1024w, https:\/\/kimayatcm.se\/wp-content\/uploads\/2026\/02\/IMG_0121-300x225.jpg 300w, https:\/\/kimayatcm.se\/wp-content\/uploads\/2026\/02\/IMG_0121-768x576.jpg 768w, https:\/\/kimayatcm.se\/wp-content\/uploads\/2026\/02\/IMG_0121-1536x1152.jpg 1536w, https:\/\/kimayatcm.se\/wp-content\/uploads\/2026\/02\/IMG_0121-2048x1536.jpg 2048w, https:\/\/kimayatcm.se\/wp-content\/uploads\/2026\/02\/IMG_0121-16x12.jpg 16w\" sizes=\"auto, (max-width: 1024px) 100vw, 1024px\" \/><\/figure>\n\n\n\n<div class=\"wp-block-group is-style-default has-global-padding is-layout-constrained wp-block-group-is-layout-constrained\">\n<h3 class=\"wp-block-heading has-text-align-center\"><a href=\"#emotional\" title=\"\">Emotionellt v\u00e4lbefinnande<\/a><\/h3>\n\n\n\n<p class=\"has-text-align-center\">Kombinera emotionellt st\u00f6d med traditionella terapier.<\/p>\n<\/div>\n<\/div>\n<\/div>\n<\/div>\n<\/div>\n\n\n\n<div class=\"wp-block-group alignfull has-global-padding is-content-justification-center is-layout-constrained wp-container-core-group-is-layout-e9b16d58 wp-block-group-is-layout-constrained\" style=\"margin-top:0;margin-bottom:0;padding-right:0;padding-left:0\">\n<div style=\"height:var(--wp--preset--spacing--20)\" aria-hidden=\"true\" class=\"wp-block-spacer\"><\/div>\n\n\n\n<h3 class=\"wp-block-heading has-text-align-center translation-block\" id=\"acupuncture\" style=\"margin-right:0;margin-left:0;padding-right:0;padding-left:0\">Akupunktur \u00e4r en central<br>del\nav kinesisk medicin<\/h3>\n\n\n\n<p style=\"margin-right:0;margin-left:0\">Akupunktur \u00e4r en av k\u00e4rndelarna i mitt arbete, grundad i traditionell kinesisk medicin (TCM) och fokuserad p\u00e5 att behandla kroppen som en integrerad helhet.<\/p>\n\n\n\n<p>Varje session inleds med en TCM-diagnos, d\u00e4r man observerar m\u00f6nster i kroppen snarare \u00e4n isolerade symtom. Behandlingen skr\u00e4ddarsys efter din individuella konstitution, nuvarande tillst\u00e5nd och livskontext, och st\u00f6djer kroppens naturliga f\u00f6rm\u00e5ga att \u00e5terst\u00e4lla balans.<\/p>\n\n\n\n<p>Medan det prim\u00e4ra fokuset ligger p\u00e5 fysisk behandling, \u00e5terspeglas ofta k\u00e4nslom\u00e4ssiga m\u00f6nster i kroppen. N\u00e4r det \u00e4r relevant \u2013 och alltid efter ditt val \u2013 kan denna medvetenhet varsamt p\u00e5verka behandlingen, vilket m\u00f6jligg\u00f6r djupare och mer h\u00e5llbara resultat.<\/p>\n\n\n\n<p>Akupunktur kan anv\u00e4ndas f\u00f6r b\u00e5de akuta och l\u00e5ngvariga tillst\u00e5nd och kan utg\u00f6ra en del av en p\u00e5g\u00e5ende l\u00e4kningsprocess som st\u00f6djer reglering, motst\u00e5ndskraft och allm\u00e4nt v\u00e4lbefinnande.<\/p>\n\n\n\n<p>Akupunktur anv\u00e4nds ofta f\u00f6r att st\u00f6dja:<\/p>\n\n\n\n<ul class=\"wp-block-list\">\n<li>Tr\u00f6tthet, utmattning och l\u00e5g energi<\/li>\n\n\n\n<li>S\u00f6mnst\u00f6rningar, stressrelaterade symtom och k\u00e4nslom\u00e4ssig belastning<\/li>\n\n\n\n<li>Menstruationscykelproblem, PMS och klimakteriebesv\u00e4r<\/li>\n\n\n\n<li>Sm\u00e4rta, sp\u00e4nning, stelhet och begr\u00e4nsad r\u00f6rlighet<\/li>\n\n\n\n<li>Funktionella m\u00f6nster som bl\u00e5sreglering eller muskelsp\u00e4nning<\/li>\n\n\n\n<li>S\u00e4songsberoende k\u00e4nsligheter s\u00e5som h\u00f6snuva och pollenrelaterat obehag<\/li>\n<\/ul>\n\n\n\n<p>Treatment is always individualized and based on TCM diagnosis.<\/p>\n\n\n\n<div class=\"wp-block-group alignwide has-global-padding is-layout-constrained wp-block-group-is-layout-constrained\">\n<div style=\"height:0px;width:0px\" aria-hidden=\"true\" class=\"wp-block-spacer\"><\/div>\n<\/div>\n\n\n\n<div class=\"wp-block-buttons is-content-justification-center is-layout-flex wp-container-core-buttons-is-layout-a89b3969 wp-block-buttons-is-layout-flex\">\n<div class=\"wp-block-button\"><a class=\"wp-block-button__link wp-element-button\" href=\"https:\/\/kimayatcm.se\/sv\/contact\/\">Boka en session<\/a><\/div>\n<\/div>\n\n\n\n<div style=\"height:var(--wp--preset--spacing--20)\" aria-hidden=\"true\" class=\"wp-block-spacer\"><\/div>\n<\/div>\n\n\n\n<h3 class=\"wp-block-heading has-text-align-center translation-block\" id=\"herbal\" style=\"margin-right:0;margin-left:0;padding-right:0;padding-left:0\">\u00d6rtmedicin<br>balanserar din kropp<\/h3>\n\n\n\n<p style=\"margin-right:0;margin-left:0\">\u00d6rtmedicin \u00e4r en annan central del av min TCM-praktik och st\u00f6der djupare och l\u00e5ngsiktig reglering av kroppen.<\/p>\n\n\n\n<p>Formlerna skr\u00e4ddarsys efter din unika konstitution, nuvarande tillst\u00e5nd och \u00f6vergripande balans, och kan anv\u00e4ndas ensamma eller tillsammans med akupunktur. K\u00e4nslom\u00e4ssiga m\u00f6nster som observeras genom TCM-diagnos kan beaktas n\u00e4r det \u00e4r relevant, alltid som en valfri del av v\u00e5rden.<\/p>\n\n\n\n<p>Konsultationer \u00e4r tillg\u00e4ngliga b\u00e5de personligen och online, vilket m\u00f6jligg\u00f6r kontinuitet i v\u00e5rden oavsett plats.<\/p>\n\n\n\n<p><strong>\u00d6rtkvalitet och beredning<\/strong><\/p>\n\n\n\n<p>Jag anv\u00e4nder h\u00f6gkvalitativa, koncentrerade \u00f6rtextrakt som uppfyller EU:s regelverk och \u00e4r fullst\u00e4ndigt testade f\u00f6r s\u00e4kerhet och renhet.<\/p>\n\n\n\n<p>Dessa \u00f6rter framst\u00e4lls som f\u00e4rdiga extrakt som l\u00e4tt l\u00f6ses upp i varmt vatten, vilket g\u00f6r dem enkla att ta i vardagen. Som koncentrerade extrakt \u00e4r de generellt l\u00e4ttare f\u00f6r kroppen att absorbera \u00e4n traditionella r\u00e5a \u00f6rter, vilket m\u00f6jligg\u00f6r effektivt och konsekvent st\u00f6d.<\/p>\n\n\n\n<p><strong>Serviceprocess:<\/strong><\/p>\n\n\n\n<p style=\"margin-right:0;margin-left:0\">H\u00e4mtning eller leverans: H\u00e4mtning ordnas enligt \u00f6verenskommelse, eller s\u00e5 kan din formel skickas med post.<\/p>\n\n\n\n<p>Boka en konsultation: Boka din konsultation online.<\/p>\n\n\n\n<p>Konsultation och TCM-diagnos: En grundlig bed\u00f6mning, inklusive modern tungdiagnostik.<\/p>\n\n\n\n<p>\u00d6rtberedning: Din personliga formula tillagas efter konsultationen.<\/p>\n\n\n\n<p>H\u00e4mtning eller leverans: H\u00e4mtning ordnas enligt \u00f6verenskommelse, eller s\u00e5 kan din formel skickas med post.<\/p>\n\n\n\n<div class=\"wp-block-group alignfull has-global-padding is-content-justification-center is-layout-constrained wp-container-core-group-is-layout-048b50e6 wp-block-group-is-layout-constrained\" style=\"margin-top:0;margin-bottom:0;padding-right:0;padding-left:0\">\n<div style=\"height:var(--wp--preset--spacing--20)\" aria-hidden=\"true\" class=\"wp-block-spacer\"><\/div>\n\n\n\n<div class=\"wp-block-group alignwide has-global-padding is-layout-constrained wp-block-group-is-layout-constrained\">\n<div style=\"height:0px;width:0px\" aria-hidden=\"true\" class=\"wp-block-spacer\"><\/div>\n<\/div>\n\n\n\n<div class=\"wp-block-buttons is-content-justification-center is-layout-flex wp-container-core-buttons-is-layout-a89b3969 wp-block-buttons-is-layout-flex\">\n<div class=\"wp-block-button\"><a class=\"wp-block-button__link wp-element-button\" href=\"https:\/\/kimayatcm.se\/sv\/contact\/\">Boka en session<\/a><\/div>\n<\/div>\n\n\n\n<div style=\"height:var(--wp--preset--spacing--20)\" aria-hidden=\"true\" class=\"wp-block-spacer\"><\/div>\n<\/div>\n\n\n\n<h3 class=\"wp-block-heading has-text-align-center translation-block\" id=\"emotional\" style=\"margin-right:0;margin-left:0;padding-right:0;padding-left:0\">Emotionell medvetenhet<br>\nkan integreras i din<br>\nl\u00e4kning<\/h3>\n\n\n\n<p style=\"margin-right:0;margin-left:0\">Emotional work is offered as an optional part of care for those who wish to explore the emotional or old patterns dimension of healing alongside physical treatment.<\/p>\n\n\n\n<p>Fokus ligger inte p\u00e5 analys eller diagnos, utan p\u00e5 att skapa ett tryggt och st\u00f6djande utrymme d\u00e4r k\u00e4nslor kan k\u00e4nnas, f\u00f6rtydligas och varsamt sl\u00e4ppas \u2013 alltid i din egen takt och enligt dina behov.<\/p>\n\n\n\n<p>Detta arbete kan utf\u00f6ras separat eller tillsammans med TCM-behandling. Jag kommer att v\u00e4gleda dig med uppm\u00e4rksam n\u00e4rvaro, k\u00e4nslighet och respekt f\u00f6r dina personliga gr\u00e4nser.<strong>Tv\u00e5 v\u00e4gar f\u00f6r emotionellt arbete<br><\/strong><br>I offer two paths for emotional work: one gentle and integrated with acupuncture, the other more active. Listen to your heart\u2014which one calls to you?<br><br>\u2665\ufe0f <strong>Acupuncture &amp; Internal Harmony Tuning <\/strong><br> -A Presence-Based Session for Inner Recalibration<br><br>Your body is not a machine that needs fixing. It is a living system with its own inner relationships\u2014and sometimes, those relationships need tending.<br><br>In Chinese Medicine, every organ carries an emotional intelligence. When these inner systems fall out of harmony, the body speaks\u2014through tension, fatigue, disrupted sleep, ache or a quiet sense that something is off&#8230;so on.<br>This session works at that level. <strong>[Read more<a href=\"https:\/\/kimayatcm.se\/sv\/acupuncture-intuitive-healing\/\" target=\"_blank\" rel=\"noopener\" title=\"\">]<\/a><\/strong><br><br>\u2665\ufe0f <strong>Integrated Breathwork \u2013 1:1 Emotional Release Session <\/strong><br><br>Beyond Breathwork<br>While breathwork has become widely known in recent years, this work goes beyond breathing techniques alone. My work is not standardised. It is built on deep presence and an innate capacity to sense what is unspoken \u2014 what a person carries before they have found words for it.<br>The Gift I Bring<br><br>From the moment you walk in, I am already connect with you \u2014 not only to your words, but to the subtler language beneath them. Throughout the session, I track the places where something wants to move but hasn&#8217;t yet found permission. <strong><a href=\"https:\/\/kimayatcm.se\/sv\/emotional-release-session\/\" target=\"_blank\" rel=\"noopener\" title=\"\">[Read more]<\/a><\/strong><br><\/p>\n\n\n\n<div class=\"wp-block-group alignfull has-global-padding is-content-justification-center is-layout-constrained wp-container-core-group-is-layout-048b50e6 wp-block-group-is-layout-constrained\" style=\"margin-top:0;margin-bottom:0;padding-right:0;padding-left:0\">\n<div style=\"height:var(--wp--preset--spacing--20)\" aria-hidden=\"true\" class=\"wp-block-spacer\"><\/div>\n\n\n\n<div class=\"wp-block-group alignwide has-global-padding is-layout-constrained wp-block-group-is-layout-constrained\">\n<div style=\"height:0px;width:0px\" aria-hidden=\"true\" class=\"wp-block-spacer\"><\/div>\n<\/div>\n\n\n\n<div class=\"wp-block-buttons is-content-justification-center is-layout-flex wp-container-core-buttons-is-layout-a89b3969 wp-block-buttons-is-layout-flex\">\n<div class=\"wp-block-button\"><a class=\"wp-block-button__link wp-element-button\" href=\"https:\/\/kimayatcm.se\/sv\/contact\/\">Boka en session<\/a><\/div>\n<\/div>\n\n\n\n<div style=\"height:var(--wp--preset--spacing--20)\" aria-hidden=\"true\" class=\"wp-block-spacer\"><\/div>\n<\/div>","protected":false},"excerpt":{"rendered":"<p>Acupuncture Harmonize your body&#8217;s energy flow and promote health. Herbal Medicine Herbal medicine tailored to each person for optimal vitality. Emotional Wellness Combining emotional support with traditional therapies. Acupuncture is a core part of Chinese Medicine Acupuncture is one of the core parts of my work, grounded in Traditional Chinese Medicine (TCM) and focused on [&hellip;]<\/p>","protected":false},"author":1,"featured_media":0,"parent":0,"menu_order":0,"comment_status":"closed","ping_status":"closed","template":"page-with-title","meta":{"_monsterinsights_skip_tracking":false,"_monsterinsights_sitenote_active":false,"_monsterinsights_sitenote_note":"","_monsterinsights_sitenote_category":0,"footnotes":""},"class_list":["post-26","page","type-page","status-publish","hentry"],"aioseo_notices":[],"_links":{"self":[{"href":"https:\/\/kimayatcm.se\/sv\/wp-json\/wp\/v2\/pages\/26","targetHints":{"allow":["GET"]}}],"collection":[{"href":"https:\/\/kimayatcm.se\/sv\/wp-json\/wp\/v2\/pages"}],"about":[{"href":"https:\/\/kimayatcm.se\/sv\/wp-json\/wp\/v2\/types\/page"}],"author":[{"embeddable":true,"href":"https:\/\/kimayatcm.se\/sv\/wp-json\/wp\/v2\/users\/1"}],"replies":[{"embeddable":true,"href":"https:\/\/kimayatcm.se\/sv\/wp-json\/wp\/v2\/comments?post=26"}],"version-history":[{"count":33,"href":"https:\/\/kimayatcm.se\/sv\/wp-json\/wp\/v2\/pages\/26\/revisions"}],"predecessor-version":[{"id":489,"href":"https:\/\/kimayatcm.se\/sv\/wp-json\/wp\/v2\/pages\/26\/revisions\/489"}],"wp:attachment":[{"href":"https:\/\/kimayatcm.se\/sv\/wp-json\/wp\/v2\/media?parent=26"}],"curies":[{"name":"wp","href":"https:\/\/api.w.org\/{rel}","templated":true}]}}